{"id":2560,"date":"2014-09-08T09:03:41","date_gmt":"2014-09-08T09:03:41","guid":{"rendered":"http:\/\/demo.highthemes.com\/smartscreen\/?page_id=2560"},"modified":"2018-07-04T16:47:30","modified_gmt":"2018-07-04T16:47:30","slug":"contacto","status":"publish","type":"page","link":"http:\/\/www.cumuluscity.es\/wp\/contacto\/","title":{"rendered":"Contacto"},"content":{"rendered":"<div id=\"pl-2560\"  class=\"panel-layout\" ><div id=\"pg-2560-0\"  class=\"panel-grid panel-has-style\" ><div class=\"siteorigin-panels-stretch panel-row-style panel-row-style-for-2560-0\" data-stretch-type=\"full\" ><div id=\"pgc-2560-0-0\"  class=\"panel-grid-cell\" ><div id=\"panel-2560-0-0-0\" class=\"so-panel widget widget_sow-headline panel-first-child\" data-index=\"0\" ><div\n\t\t\t\n\t\t\tclass=\"so-widget-sow-headline so-widget-sow-headline-default-87714809fb17-2560\"\n\t\t\t\n\t\t><div class=\"sow-headline-container \">\n\t<h1 class='sow-headline'>\u00a1Escr\u00edbenos!<\/h1><h2 class='sow-sub-headline'>Nos encantar\u00eda escucharte y ver como te podemos ayudar<\/h2><\/div>\n<\/div><\/div><div id=\"panel-2560-0-0-1\" class=\"so-panel widget widget_sow-features panel-last-child\" data-index=\"1\" ><div\n\t\t\t\n\t\t\tclass=\"so-widget-sow-features so-widget-sow-features-default-8abbc35585b4-2560\"\n\t\t\t\n\t\t>\n<div class=\"sow-features-list sow-features-responsive\">\n\n\t\t\t\t\t\t\t\t\t<div\n\t\t\t\tclass=\"sow-features-feature sow-icon-container-position-top\"\n\t\t\t\tstyle=\"display: flex; flex-direction: column; width: calc(33.333% - 25px);\"\n\t\t\t>\n\t\t\t\n\t\t\t\t\t\t\t\t<div\n\t\t\t\t\tclass=\"sow-icon-container sow-container-none\"\n\t\t\t\t\tstyle=\"color: #404040; \"\n\t\t\t\t\t>\n\t\t\t\t\t\t\t\t\t<\/div>\n\t\t\t\t\n\t\t\t\t<div class=\"textwidget\">\n\t\t\t\t\t\n\t\t\t\t\t\t\t\t\t\t\t<h5>\n\t\t\t\t\t\t\t\n\t\t\t\t\t\t\tLL\u00e1manos al\t\t\t\t\t\t\t\t\t\t\t\t\t<\/h5>\n\t\t\t\t\t\n\t\t\t\t\t\t\t\t\t\t\t<p>+34 964 52 41 18<\/p>\n\t\t\t\t\t\n\t\t\t\t\t\t\t\t\t<\/div>\n\t\t\t\t\t\t\t\t\n\t\t\t\t\t\t\t<\/div>\n\n\t\t\t\t\t\t\t\t<div\n\t\t\t\tclass=\"sow-features-feature sow-icon-container-position-top\"\n\t\t\t\tstyle=\"display: flex; flex-direction: column; width: calc(33.333% - 25px);\"\n\t\t\t>\n\t\t\t\n\t\t\t\t\t\t\t\t<div\n\t\t\t\t\tclass=\"sow-icon-container sow-container-none\"\n\t\t\t\t\tstyle=\"color: #404040; \"\n\t\t\t\t\t>\n\t\t\t\t\t<span class=\"sow-icon-fontawesome sow-fas\" data-sow-icon=\"&#xf041;\"\n\t\tstyle=\"font-size: 56px; color: #424242\" \n\t\taria-hidden=\"true\"><\/span>\t\t\t\t<\/div>\n\t\t\t\t\n\t\t\t\t<div class=\"textwidget\">\n\t\t\t\t\t\n\t\t\t\t\t\t\t\t\t\t\t<h5>\n\t\t\t\t\t\t\t\n\t\t\t\t\t\t\tNos encontrar\u00e1s en\t\t\t\t\t\t\t\t\t\t\t\t\t<\/h5>\n\t\t\t\t\t\n\t\t\t\t\t\t\t\t\t\t\t<p>C\/Alfred Nobel, 21<\/p>\n<p>12540, Vila-real, Castell\u00f3n<\/p>\n\t\t\t\t\t\n\t\t\t\t\t\t\t\t\t<\/div>\n\t\t\t\t\t\t\t\t\n\t\t\t\t\t\t\t<\/div>\n\n\t\t\t\t\t\t\t\t<div\n\t\t\t\tclass=\"sow-features-feature sow-icon-container-position-top\"\n\t\t\t\tstyle=\"display: flex; flex-direction: column; width: calc(33.333% - 25px);\"\n\t\t\t>\n\t\t\t\n\t\t\t\t\t\t\t\t<div\n\t\t\t\t\tclass=\"sow-icon-container sow-container-none\"\n\t\t\t\t\tstyle=\"color: #404040; \"\n\t\t\t\t\t>\n\t\t\t\t\t<span class=\"sow-icon-fontawesome sow-far\" data-sow-icon=\"&#xf0e0;\"\n\t\tstyle=\"font-size: 56px; color: #424242\" \n\t\taria-hidden=\"true\"><\/span>\t\t\t\t<\/div>\n\t\t\t\t\n\t\t\t\t<div class=\"textwidget\">\n\t\t\t\t\t\n\t\t\t\t\t\t\t\t\t\t\t<h5>\n\t\t\t\t\t\t\t\n\t\t\t\t\t\t\tEscr\u00edbenos a\t\t\t\t\t\t\t\t\t\t\t\t\t<\/h5>\n\t\t\t\t\t\n\t\t\t\t\t\t\t\t\t\t\t<p>info@cumuluscity.es<\/p>\n\t\t\t\t\t\n\t\t\t\t\t\t\t\t\t<\/div>\n\t\t\t\t\t\t\t\t\n\t\t\t\t\t\t\t<\/div>\n\n\t\t\t\n<\/div>\n<\/div><\/div><\/div><div id=\"pgc-2560-0-1\"  class=\"panel-grid-cell\" ><div id=\"panel-2560-0-1-0\" class=\"so-panel widget widget_text panel-first-child panel-last-child\" data-index=\"2\" >\t\t\t<div class=\"textwidget\">\n<div class=\"wpcf7 no-js\" id=\"wpcf7-f2660-o1\" lang=\"es-ES\" dir=\"ltr\">\n<div class=\"screen-reader-response\"><p role=\"status\" aria-live=\"polite\" aria-atomic=\"true\"><\/p> <ul><\/ul><\/div>\n<form action=\"\/wp\/wp-json\/wp\/v2\/pages\/2560#wpcf7-f2660-o1\" method=\"post\" class=\"wpcf7-form init\" aria-label=\"Formulario de contacto\" novalidate=\"novalidate\" data-status=\"init\">\n<div style=\"display: none;\">\n<input type=\"hidden\" name=\"_wpcf7\" value=\"2660\" \/>\n<input type=\"hidden\" name=\"_wpcf7_version\" value=\"5.8.7\" \/>\n<input type=\"hidden\" name=\"_wpcf7_locale\" value=\"es_ES\" \/>\n<input type=\"hidden\" name=\"_wpcf7_unit_tag\" value=\"wpcf7-f2660-o1\" \/>\n<input type=\"hidden\" name=\"_wpcf7_container_post\" value=\"0\" \/>\n<input type=\"hidden\" name=\"_wpcf7_posted_data_hash\" value=\"\" \/>\n<\/div>\n<p><label> Nombre (requerido)<br \/>\n<span class=\"wpcf7-form-control-wrap\" data-name=\"your-name\"><input size=\"40\" class=\"wpcf7-form-control wpcf7-text wpcf7-validates-as-required\" aria-required=\"true\" aria-invalid=\"false\" value=\"\" type=\"text\" name=\"your-name\" \/><\/span> <\/label>\n<\/p>\n<p><label> Tu correo electr\u00f3nico (requerido)<br \/>\n<span class=\"wpcf7-form-control-wrap\" data-name=\"your-email\"><input size=\"40\" class=\"wpcf7-form-control wpcf7-email wpcf7-validates-as-required wpcf7-text wpcf7-validates-as-email\" aria-required=\"true\" aria-invalid=\"false\" value=\"\" type=\"email\" name=\"your-email\" \/><\/span> <\/label>\n<\/p>\n<p><label> Asunto<br \/>\n<span class=\"wpcf7-form-control-wrap\" data-name=\"your-subject\"><input size=\"40\" class=\"wpcf7-form-control wpcf7-text\" aria-invalid=\"false\" value=\"\" type=\"text\" name=\"your-subject\" \/><\/span> <\/label>\n<\/p>\n<p><label> Mensaje<br \/>\n<span class=\"wpcf7-form-control-wrap\" data-name=\"your-message\"><textarea cols=\"40\" rows=\"10\" class=\"wpcf7-form-control wpcf7-textarea\" aria-invalid=\"false\" name=\"your-message\"><\/textarea><\/span> <\/label>\n<\/p>\n<p><input class=\"wpcf7-form-control wpcf7-submit has-spinner\" type=\"submit\" value=\"Enviar\" \/>\n<\/p>\n<p><span class=\"wpcf7-form-control-wrap\" data-name=\"leydeproteccindedatos\"><span class=\"wpcf7-form-control wpcf7-acceptance\"><span class=\"wpcf7-list-item\"><input type=\"checkbox\" name=\"leydeproteccindedatos\" value=\"1\" checked=\"checked\" aria-invalid=\"false\" \/><\/span><\/span><\/span> He le\u00eddo y acepto las condiciones de uso y <a href=\"http:\/\/www.cumuluscity.es\/wp\/index.php\/politica-de-privacidad\/\"> acepto la pol\u00edtica de privacidad<\/a>\n<\/p>\n<p style=\"display: none !important;\" class=\"akismet-fields-container\" data-prefix=\"_wpcf7_ak_\"><label>&#916;<textarea name=\"_wpcf7_ak_hp_textarea\" cols=\"45\" rows=\"8\" maxlength=\"100\"><\/textarea><\/label><input type=\"hidden\" id=\"ak_js_1\" name=\"_wpcf7_ak_js\" value=\"125\"\/><script>document.getElementById( \"ak_js_1\" ).setAttribute( \"value\", ( new Date() ).getTime() );<\/script><\/p><div class=\"wpcf7-response-output\" aria-hidden=\"true\"><\/div>\n<\/form>\n<\/div>\n<\/div>\n\t\t<\/div><\/div><\/div><\/div><div id=\"pg-2560-1\"  class=\"panel-grid panel-no-style\" ><div id=\"pgc-2560-1-0\"  class=\"panel-grid-cell panel-grid-cell-empty\" ><\/div><\/div><div id=\"pg-2560-2\"  class=\"panel-grid panel-has-style\" ><div class=\"siteorigin-panels-stretch panel-row-style panel-row-style-for-2560-2\" data-stretch-type=\"full-stretched\" ><div id=\"pgc-2560-2-0\"  class=\"panel-grid-cell\" ><div id=\"panel-2560-2-0-0\" class=\"so-panel widget widget_sow-google-map panel-first-child panel-last-child\" data-index=\"3\" ><div\n\t\t\t\n\t\t\tclass=\"so-widget-sow-google-map so-widget-sow-google-map-default-6b23895f316e-2560\"\n\t\t\t\n\t\t>\n<div class=\"sow-google-map-canvas\"\n\tstyle=\"\"\n\tid=\"map-canvas-61612e407180415243d078c90112b02e\"\n\tdata-options=\"{&quot;address&quot;:&quot;Carrer Sant Manuel 65, 12540 Villarreal (Castell\\u00f3n)&quot;,&quot;zoom&quot;:&quot;12&quot;,&quot;mobileZoom&quot;:&quot;12&quot;,&quot;gestureHandling&quot;:&quot;greedy&quot;,&quot;disableUi&quot;:false,&quot;markerIcon&quot;:&quot;&quot;,&quot;markersDraggable&quot;:false,&quot;markerAtCenter&quot;:true,&quot;markerInfoDisplay&quot;:&quot;click&quot;,&quot;markerInfoMultiple&quot;:&quot;on&quot;,&quot;markerPositions&quot;:&quot;&quot;,&quot;mapName&quot;:&quot;&quot;,&quot;mapStyles&quot;:&quot;&quot;,&quot;directions&quot;:&quot;&quot;,&quot;apiKey&quot;:&quot;AIzaSyBfAqROS8oXneuGKLNjFkx-DVZyFBsbkXc&quot;,&quot;breakpoint&quot;:780}\"\n\tdata-fallback-image=\"{&quot;img&quot;:&quot;&quot;}\"><\/div>\n<\/div><\/div><\/div><\/div><\/div><\/div>","protected":false},"excerpt":{"rendered":"<p>\u00a1Escr\u00edbenos!Nos encantar\u00eda escucharte y ver como te podemos ayudar LL\u00e1manos al +34 964 52 41 18 Nos encontrar\u00e1s en C\/Alfred Nobel, 21 12540, Vila-real, Castell\u00f3n Escr\u00edbenos a info@cumuluscity.es Nombre (requerido) Tu correo electr\u00f3nico (requerido) Asunto Mensaje He le\u00eddo y acepto las condiciones de uso y acepto la pol\u00edtica de privacidad &#916;<\/p>\n","protected":false},"author":6,"featured_media":0,"parent":0,"menu_order":0,"comment_status":"open","ping_status":"open","template":"","meta":{"_et_pb_use_builder":"","_et_pb_old_content":"","_et_gb_content_width":"","footnotes":""},"yoast_head":"<!-- This site is optimized with the Yoast SEO plugin v22.0 - https:\/\/yoast.com\/wordpress\/plugins\/seo\/ -->\n<title>Contacto - Cumulus City<\/title>\n<meta name=\"robots\" content=\"noindex, follow\" \/>\n<meta property=\"og:locale\" content=\"es_ES\" \/>\n<meta property=\"og:type\" content=\"article\" \/>\n<meta property=\"og:title\" content=\"Contacto - Cumulus City\" \/>\n<meta property=\"og:description\" content=\"\u00a1Escr\u00edbenos!Nos encantar\u00eda escucharte y ver como te podemos ayudar LL\u00e1manos al +34 964 52 41 18 Nos encontrar\u00e1s en C\/Alfred Nobel, 21 12540, Vila-real, Castell\u00f3n Escr\u00edbenos a info@cumuluscity.es Nombre (requerido) Tu correo electr\u00f3nico (requerido) Asunto Mensaje He le\u00eddo y acepto las condiciones de uso y acepto la pol\u00edtica de privacidad &#916;\" \/>\n<meta property=\"og:url\" content=\"http:\/\/www.cumuluscity.es\/wp\/contacto\/\" \/>\n<meta property=\"og:site_name\" content=\"Cumulus City\" \/>\n<meta property=\"article:modified_time\" content=\"2018-07-04T16:47:30+00:00\" \/>\n<meta name=\"twitter:card\" content=\"summary_large_image\" \/>\n<script type=\"application\/ld+json\" class=\"yoast-schema-graph\">{\"@context\":\"https:\/\/schema.org\",\"@graph\":[{\"@type\":\"WebPage\",\"@id\":\"http:\/\/www.cumuluscity.es\/wp\/contacto\/\",\"url\":\"http:\/\/www.cumuluscity.es\/wp\/contacto\/\",\"name\":\"Contacto - Cumulus City\",\"isPartOf\":{\"@id\":\"http:\/\/www.cumuluscity.es\/wp\/#website\"},\"datePublished\":\"2014-09-08T09:03:41+00:00\",\"dateModified\":\"2018-07-04T16:47:30+00:00\",\"breadcrumb\":{\"@id\":\"http:\/\/www.cumuluscity.es\/wp\/contacto\/#breadcrumb\"},\"inLanguage\":\"es\",\"potentialAction\":[{\"@type\":\"ReadAction\",\"target\":[\"http:\/\/www.cumuluscity.es\/wp\/contacto\/\"]}]},{\"@type\":\"BreadcrumbList\",\"@id\":\"http:\/\/www.cumuluscity.es\/wp\/contacto\/#breadcrumb\",\"itemListElement\":[{\"@type\":\"ListItem\",\"position\":1,\"name\":\"Portada\",\"item\":\"http:\/\/www.cumuluscity.es\/wp\/\"},{\"@type\":\"ListItem\",\"position\":2,\"name\":\"Contacto\"}]},{\"@type\":\"WebSite\",\"@id\":\"http:\/\/www.cumuluscity.es\/wp\/#website\",\"url\":\"http:\/\/www.cumuluscity.es\/wp\/\",\"name\":\"Cumulus City\",\"description\":\"Cumulus City - Soluciones tecnologicas para Smart City, industria y agricultura - Soluciones para la Accesibilidad y las Telecomunicaciones.\",\"publisher\":{\"@id\":\"http:\/\/www.cumuluscity.es\/wp\/#organization\"},\"potentialAction\":[{\"@type\":\"SearchAction\",\"target\":{\"@type\":\"EntryPoint\",\"urlTemplate\":\"http:\/\/www.cumuluscity.es\/wp\/?s={search_term_string}\"},\"query-input\":\"required name=search_term_string\"}],\"inLanguage\":\"es\"},{\"@type\":\"Organization\",\"@id\":\"http:\/\/www.cumuluscity.es\/wp\/#organization\",\"name\":\"Cumulus City\",\"url\":\"http:\/\/www.cumuluscity.es\/wp\/\",\"logo\":{\"@type\":\"ImageObject\",\"inLanguage\":\"es\",\"@id\":\"http:\/\/www.cumuluscity.es\/wp\/#\/schema\/logo\/image\/\",\"url\":\"http:\/\/www.cumuluscity.es\/wp\/wp-content\/uploads\/2019\/04\/cumulus_400_3.png\",\"contentUrl\":\"http:\/\/www.cumuluscity.es\/wp\/wp-content\/uploads\/2019\/04\/cumulus_400_3.png\",\"width\":400,\"height\":400,\"caption\":\"Cumulus City\"},\"image\":{\"@id\":\"http:\/\/www.cumuluscity.es\/wp\/#\/schema\/logo\/image\/\"}}]}<\/script>\n<!-- \/ Yoast SEO plugin. -->","yoast_head_json":{"title":"Contacto - Cumulus City","robots":{"index":"noindex","follow":"follow"},"og_locale":"es_ES","og_type":"article","og_title":"Contacto - Cumulus City","og_description":"\u00a1Escr\u00edbenos!Nos encantar\u00eda escucharte y ver como te podemos ayudar LL\u00e1manos al +34 964 52 41 18 Nos encontrar\u00e1s en C\/Alfred Nobel, 21 12540, Vila-real, Castell\u00f3n Escr\u00edbenos a info@cumuluscity.es Nombre (requerido) Tu correo electr\u00f3nico (requerido) Asunto Mensaje He le\u00eddo y acepto las condiciones de uso y acepto la pol\u00edtica de privacidad &#916;","og_url":"http:\/\/www.cumuluscity.es\/wp\/contacto\/","og_site_name":"Cumulus City","article_modified_time":"2018-07-04T16:47:30+00:00","twitter_card":"summary_large_image","schema":{"@context":"https:\/\/schema.org","@graph":[{"@type":"WebPage","@id":"http:\/\/www.cumuluscity.es\/wp\/contacto\/","url":"http:\/\/www.cumuluscity.es\/wp\/contacto\/","name":"Contacto - Cumulus City","isPartOf":{"@id":"http:\/\/www.cumuluscity.es\/wp\/#website"},"datePublished":"2014-09-08T09:03:41+00:00","dateModified":"2018-07-04T16:47:30+00:00","breadcrumb":{"@id":"http:\/\/www.cumuluscity.es\/wp\/contacto\/#breadcrumb"},"inLanguage":"es","potentialAction":[{"@type":"ReadAction","target":["http:\/\/www.cumuluscity.es\/wp\/contacto\/"]}]},{"@type":"BreadcrumbList","@id":"http:\/\/www.cumuluscity.es\/wp\/contacto\/#breadcrumb","itemListElement":[{"@type":"ListItem","position":1,"name":"Portada","item":"http:\/\/www.cumuluscity.es\/wp\/"},{"@type":"ListItem","position":2,"name":"Contacto"}]},{"@type":"WebSite","@id":"http:\/\/www.cumuluscity.es\/wp\/#website","url":"http:\/\/www.cumuluscity.es\/wp\/","name":"Cumulus City","description":"Cumulus City - Soluciones tecnologicas para Smart City, industria y agricultura - Soluciones para la Accesibilidad y las Telecomunicaciones.","publisher":{"@id":"http:\/\/www.cumuluscity.es\/wp\/#organization"},"potentialAction":[{"@type":"SearchAction","target":{"@type":"EntryPoint","urlTemplate":"http:\/\/www.cumuluscity.es\/wp\/?s={search_term_string}"},"query-input":"required name=search_term_string"}],"inLanguage":"es"},{"@type":"Organization","@id":"http:\/\/www.cumuluscity.es\/wp\/#organization","name":"Cumulus City","url":"http:\/\/www.cumuluscity.es\/wp\/","logo":{"@type":"ImageObject","inLanguage":"es","@id":"http:\/\/www.cumuluscity.es\/wp\/#\/schema\/logo\/image\/","url":"http:\/\/www.cumuluscity.es\/wp\/wp-content\/uploads\/2019\/04\/cumulus_400_3.png","contentUrl":"http:\/\/www.cumuluscity.es\/wp\/wp-content\/uploads\/2019\/04\/cumulus_400_3.png","width":400,"height":400,"caption":"Cumulus City"},"image":{"@id":"http:\/\/www.cumuluscity.es\/wp\/#\/schema\/logo\/image\/"}}]}},"jetpack_sharing_enabled":true,"_links":{"self":[{"href":"http:\/\/www.cumuluscity.es\/wp\/wp-json\/wp\/v2\/pages\/2560"}],"collection":[{"href":"http:\/\/www.cumuluscity.es\/wp\/wp-json\/wp\/v2\/pages"}],"about":[{"href":"http:\/\/www.cumuluscity.es\/wp\/wp-json\/wp\/v2\/types\/page"}],"author":[{"embeddable":true,"href":"http:\/\/www.cumuluscity.es\/wp\/wp-json\/wp\/v2\/users\/6"}],"replies":[{"embeddable":true,"href":"http:\/\/www.cumuluscity.es\/wp\/wp-json\/wp\/v2\/comments?post=2560"}],"version-history":[{"count":23,"href":"http:\/\/www.cumuluscity.es\/wp\/wp-json\/wp\/v2\/pages\/2560\/revisions"}],"predecessor-version":[{"id":3548,"href":"http:\/\/www.cumuluscity.es\/wp\/wp-json\/wp\/v2\/pages\/2560\/revisions\/3548"}],"wp:attachment":[{"href":"http:\/\/www.cumuluscity.es\/wp\/wp-json\/wp\/v2\/media?parent=2560"}],"curies":[{"name":"wp","href":"https:\/\/api.w.org\/{rel}","templated":true}]}}