{"id":3422,"date":"2019-07-04T09:28:34","date_gmt":"2019-07-04T09:28:34","guid":{"rendered":"http:\/\/www.cumuluscity.es\/wp\/?page_id=3422"},"modified":"2019-07-04T09:38:44","modified_gmt":"2019-07-04T09:38:44","slug":"sensores-humedad-del-suelo","status":"publish","type":"page","link":"http:\/\/www.cumuluscity.es\/wp\/sensores-humedad-del-suelo\/","title":{"rendered":"Sensores humedad del suelo"},"content":{"rendered":"<p>[vc_row css=\u00bb.vc_custom_1562055476887{padding-top: 50px !important;padding-bottom: 50px !important;}\u00bb][vc_column][vc_column_text css=\u00bb.vc_custom_1562232451170{margin-bottom: 0px !important;}\u00bb]<\/p>\n<h2 class=\"line center\" style=\"text-align: center;\">Sensores de humedad del suelo<\/h2>\n<p>[\/vc_column_text][\/vc_column][\/vc_row][vc_row css=\u00bb.vc_custom_1562232510839{background-image: url(http:\/\/www.cumuluscity.es\/wp\/wp-content\/uploads\/2019\/07\/humedad-jardin.jpg?id=3423) !important;background-position: center !important;background-repeat: no-repeat !important;background-size: cover !important;}\u00bb][vc_column offset=\u00bbvc_col-md-5&#8243;][vc_column_text el_class=\u00bbcolor-box2&#8243;]<\/p>\n<h3>Mide el nivel de humedad de los suelos y economiza el agua.<\/h3>\n<p>Este tipo de sensor permite conocer la humedad del suelo a tiempo real. Muy \u00fatil para parques y jardines p\u00fablicos y tambi\u00e9n en el \u00e1mbito de la agricultura, ya que detecta cuando necesita ser regada realmente.[\/vc_column_text][\/vc_column][vc_column width=\u00bb7\/12&#8243;][\/vc_column][\/vc_row][vc_row css=\u00bb.vc_custom_1490862086553{padding-top: 100px !important;padding-bottom: 100px !important;}\u00bb][vc_column][vc_column_text css=\u00bb.vc_custom_1562232541641{margin-bottom: 30px !important;}\u00bb]<\/p>\n<h2 class=\"line center\" style=\"text-align: center;\">Controla el riego seg\u00fan tus necesidades<\/h2>\n<p>[\/vc_column_text][vc_column_text css=\u00bb.vc_custom_1562232559703{margin-bottom: 50px !important;}\u00bb]<\/p>\n<p style=\"text-align: center;\">Los sensores de humedad son \u00fatiles sobre todo para las ciudades que sufren largos periodos de sequ\u00eda y que necesitan ahorrar agua. El sensor de humedad es el ideal para este tipo de situaciones.<\/p>\n<p style=\"text-align: center;\"><a class=\"ot-btn btn-dark\" href=\"http:\/\/www.cumuluscity.es\/wp\/contacts\/\">CONTACTAR AHORA<\/a><\/p>\n<p>[\/vc_column_text][\/vc_column][vc_column width=\u00bb1\/2&#8243; offset=\u00bbvc_col-md-3&#8243;][member photo=\u00bb3325&#8243; name=\u00bbAhorro de agua\u00bb social=\u00bb%5B%7B%7D%5D\u00bb]Economiza el agua que utilizas, riega solo cuando es necesario la cantidad justa y en el momento preciso.[\/member][\/vc_column][vc_column width=\u00bb1\/2&#8243; offset=\u00bbvc_col-md-3&#8243;][member photo=\u00bb3426&#8243; name=\u00bbAjusta el riego\u00bb social=\u00bb%5B%7B%7D%5D\u00bb]Programa horarios, o en que condiciones quieres que se active el riego, todo desde nuestra plataforma y donde te encuentres.[\/member][vc_empty_space][\/vc_column][vc_column width=\u00bb1\/2&#8243; offset=\u00bbvc_col-md-3&#8243;][member photo=\u00bb3327&#8243; name=\u00bbResistente a condiciones adversas\u00bb social=\u00bb%5B%7B%7D%5D\u00bb]Ofrecemos sensores de calidad para su utilizaci\u00f3n en el exterior , preparados para soportar condiciones climatol\u00f3gicas adversas (temperaturas, lluvias, heladas&#8230;)[\/member][\/vc_column][vc_column width=\u00bb1\/2&#8243; offset=\u00bbvc_col-md-3&#8243;][member photo=\u00bb3405&#8243; name=\u00bbPeque\u00f1o y f\u00e1cil de ocultar\u00bb social=\u00bb%5B%7B%7D%5D\u00bb]Un sensor que se adapta a tu ciudad, con una dimensiones que permiten integrarlo en tus jardines sin afectar a la est\u00e9tica visual del sitio.[\/member][\/vc_column][\/vc_row][vc_row equal_height=\u00bbyes\u00bb content_placement=\u00bbmiddle\u00bb css=\u00bb.vc_custom_1492765419145{padding-top: 60px !important;}\u00bb][vc_column width=\u00bb1\/2&#8243;][vc_single_image image=\u00bb3427&#8243; img_size=\u00bbfull\u00bb][\/vc_column][vc_column width=\u00bb1\/2&#8243;][vc_column_text]<\/p>\n<h2 class=\"lighten\">Utiliza tus recursos con cabeza y reduce los costes!<\/h2>\n<p>[\/vc_column_text][\/vc_column][\/vc_row]<\/p>\n","protected":false},"excerpt":{"rendered":"<p>[vc_row css=\u00bb.vc_custom_1562055476887{padding-top: 50px !important;padding-bottom: 50px !important;}\u00bb][vc_column][vc_column_text css=\u00bb.vc_custom_1562232451170{margin-bottom: 0px !important;}\u00bb] Sensores de humedad del suelo [\/vc_column_text][\/vc_column][\/vc_row][vc_row css=\u00bb.vc_custom_1562232510839{background-image: url(http:\/\/www.cumuluscity.es\/wp\/wp-content\/uploads\/2019\/07\/humedad-jardin.jpg?id=3423) !important;background-position: center !important;background-repeat: no-repeat !important;background-size: cover !important;}\u00bb][vc_column offset=\u00bbvc_col-md-5&#8243;][vc_column_text el_class=\u00bbcolor-box2&#8243;] Mide el nivel de humedad de los suelos y economiza el agua. Este tipo de sensor permite conocer la humedad del suelo a tiempo real. Muy \u00fatil para parques [&hellip;]<\/p>\n","protected":false},"author":6,"featured_media":0,"parent":0,"menu_order":0,"comment_status":"closed","ping_status":"closed","template":"page-templates\/template-fullwidth.php","meta":{"_et_pb_use_builder":"","_et_pb_old_content":"","_et_gb_content_width":"","footnotes":""},"yoast_head":"<!-- This site is optimized with the Yoast SEO plugin v22.0 - https:\/\/yoast.com\/wordpress\/plugins\/seo\/ -->\n<title>Sensores humedad del suelo - Cumulus City<\/title>\n<meta name=\"robots\" content=\"noindex, follow\" \/>\n<meta property=\"og:locale\" content=\"es_ES\" \/>\n<meta property=\"og:type\" content=\"article\" \/>\n<meta property=\"og:title\" content=\"Sensores humedad del suelo - Cumulus City\" \/>\n<meta property=\"og:description\" content=\"[vc_row css=\u00bb.vc_custom_1562055476887{padding-top: 50px !important;padding-bottom: 50px !important;}\u00bb][vc_column][vc_column_text css=\u00bb.vc_custom_1562232451170{margin-bottom: 0px !important;}\u00bb] Sensores de humedad del suelo [\/vc_column_text][\/vc_column][\/vc_row][vc_row css=\u00bb.vc_custom_1562232510839{background-image: url(http:\/\/www.cumuluscity.es\/wp\/wp-content\/uploads\/2019\/07\/humedad-jardin.jpg?id=3423) !important;background-position: center !important;background-repeat: no-repeat !important;background-size: cover !important;}\u00bb][vc_column offset=\u00bbvc_col-md-5&#8243;][vc_column_text el_class=\u00bbcolor-box2&#8243;] Mide el nivel de humedad de los suelos y economiza el agua. Este tipo de sensor permite conocer la humedad del suelo a tiempo real. Muy \u00fatil para parques [&hellip;]\" \/>\n<meta property=\"og:url\" content=\"http:\/\/www.cumuluscity.es\/wp\/sensores-humedad-del-suelo\/\" \/>\n<meta property=\"og:site_name\" content=\"Cumulus City\" \/>\n<meta property=\"article:modified_time\" content=\"2019-07-04T09:38:44+00:00\" \/>\n<meta name=\"twitter:card\" content=\"summary_large_image\" \/>\n<meta name=\"twitter:label1\" content=\"Tiempo de lectura\" \/>\n\t<meta name=\"twitter:data1\" content=\"2 minutos\" \/>\n<script type=\"application\/ld+json\" class=\"yoast-schema-graph\">{\"@context\":\"https:\/\/schema.org\",\"@graph\":[{\"@type\":\"WebPage\",\"@id\":\"http:\/\/www.cumuluscity.es\/wp\/sensores-humedad-del-suelo\/\",\"url\":\"http:\/\/www.cumuluscity.es\/wp\/sensores-humedad-del-suelo\/\",\"name\":\"Sensores humedad del suelo - Cumulus City\",\"isPartOf\":{\"@id\":\"https:\/\/www.cumuluscity.es\/wp\/#website\"},\"datePublished\":\"2019-07-04T09:28:34+00:00\",\"dateModified\":\"2019-07-04T09:38:44+00:00\",\"breadcrumb\":{\"@id\":\"http:\/\/www.cumuluscity.es\/wp\/sensores-humedad-del-suelo\/#breadcrumb\"},\"inLanguage\":\"es\",\"potentialAction\":[{\"@type\":\"ReadAction\",\"target\":[\"http:\/\/www.cumuluscity.es\/wp\/sensores-humedad-del-suelo\/\"]}]},{\"@type\":\"BreadcrumbList\",\"@id\":\"http:\/\/www.cumuluscity.es\/wp\/sensores-humedad-del-suelo\/#breadcrumb\",\"itemListElement\":[{\"@type\":\"ListItem\",\"position\":1,\"name\":\"Portada\",\"item\":\"https:\/\/www.cumuluscity.es\/wp\/\"},{\"@type\":\"ListItem\",\"position\":2,\"name\":\"Sensores humedad del suelo\"}]},{\"@type\":\"WebSite\",\"@id\":\"https:\/\/www.cumuluscity.es\/wp\/#website\",\"url\":\"https:\/\/www.cumuluscity.es\/wp\/\",\"name\":\"Cumulus City\",\"description\":\"Cumulus City - Soluciones tecnologicas para Smart City, industria y agricultura - Soluciones para la Accesibilidad y las Telecomunicaciones.\",\"publisher\":{\"@id\":\"https:\/\/www.cumuluscity.es\/wp\/#organization\"},\"potentialAction\":[{\"@type\":\"SearchAction\",\"target\":{\"@type\":\"EntryPoint\",\"urlTemplate\":\"https:\/\/www.cumuluscity.es\/wp\/?s={search_term_string}\"},\"query-input\":\"required name=search_term_string\"}],\"inLanguage\":\"es\"},{\"@type\":\"Organization\",\"@id\":\"https:\/\/www.cumuluscity.es\/wp\/#organization\",\"name\":\"Cumulus City\",\"url\":\"https:\/\/www.cumuluscity.es\/wp\/\",\"logo\":{\"@type\":\"ImageObject\",\"inLanguage\":\"es\",\"@id\":\"https:\/\/www.cumuluscity.es\/wp\/#\/schema\/logo\/image\/\",\"url\":\"http:\/\/www.cumuluscity.es\/wp\/wp-content\/uploads\/2019\/04\/cumulus_400_3.png\",\"contentUrl\":\"http:\/\/www.cumuluscity.es\/wp\/wp-content\/uploads\/2019\/04\/cumulus_400_3.png\",\"width\":400,\"height\":400,\"caption\":\"Cumulus City\"},\"image\":{\"@id\":\"https:\/\/www.cumuluscity.es\/wp\/#\/schema\/logo\/image\/\"}}]}<\/script>\n<!-- \/ Yoast SEO plugin. -->","yoast_head_json":{"title":"Sensores humedad del suelo - Cumulus City","robots":{"index":"noindex","follow":"follow"},"og_locale":"es_ES","og_type":"article","og_title":"Sensores humedad del suelo - Cumulus City","og_description":"[vc_row css=\u00bb.vc_custom_1562055476887{padding-top: 50px !important;padding-bottom: 50px !important;}\u00bb][vc_column][vc_column_text css=\u00bb.vc_custom_1562232451170{margin-bottom: 0px !important;}\u00bb] Sensores de humedad del suelo [\/vc_column_text][\/vc_column][\/vc_row][vc_row css=\u00bb.vc_custom_1562232510839{background-image: url(http:\/\/www.cumuluscity.es\/wp\/wp-content\/uploads\/2019\/07\/humedad-jardin.jpg?id=3423) !important;background-position: center !important;background-repeat: no-repeat !important;background-size: cover !important;}\u00bb][vc_column offset=\u00bbvc_col-md-5&#8243;][vc_column_text el_class=\u00bbcolor-box2&#8243;] Mide el nivel de humedad de los suelos y economiza el agua. Este tipo de sensor permite conocer la humedad del suelo a tiempo real. Muy \u00fatil para parques [&hellip;]","og_url":"http:\/\/www.cumuluscity.es\/wp\/sensores-humedad-del-suelo\/","og_site_name":"Cumulus City","article_modified_time":"2019-07-04T09:38:44+00:00","twitter_card":"summary_large_image","twitter_misc":{"Tiempo de lectura":"2 minutos"},"schema":{"@context":"https:\/\/schema.org","@graph":[{"@type":"WebPage","@id":"http:\/\/www.cumuluscity.es\/wp\/sensores-humedad-del-suelo\/","url":"http:\/\/www.cumuluscity.es\/wp\/sensores-humedad-del-suelo\/","name":"Sensores humedad del suelo - Cumulus City","isPartOf":{"@id":"https:\/\/www.cumuluscity.es\/wp\/#website"},"datePublished":"2019-07-04T09:28:34+00:00","dateModified":"2019-07-04T09:38:44+00:00","breadcrumb":{"@id":"http:\/\/www.cumuluscity.es\/wp\/sensores-humedad-del-suelo\/#breadcrumb"},"inLanguage":"es","potentialAction":[{"@type":"ReadAction","target":["http:\/\/www.cumuluscity.es\/wp\/sensores-humedad-del-suelo\/"]}]},{"@type":"BreadcrumbList","@id":"http:\/\/www.cumuluscity.es\/wp\/sensores-humedad-del-suelo\/#breadcrumb","itemListElement":[{"@type":"ListItem","position":1,"name":"Portada","item":"https:\/\/www.cumuluscity.es\/wp\/"},{"@type":"ListItem","position":2,"name":"Sensores humedad del suelo"}]},{"@type":"WebSite","@id":"https:\/\/www.cumuluscity.es\/wp\/#website","url":"https:\/\/www.cumuluscity.es\/wp\/","name":"Cumulus City","description":"Cumulus City - Soluciones tecnologicas para Smart City, industria y agricultura - Soluciones para la Accesibilidad y las Telecomunicaciones.","publisher":{"@id":"https:\/\/www.cumuluscity.es\/wp\/#organization"},"potentialAction":[{"@type":"SearchAction","target":{"@type":"EntryPoint","urlTemplate":"https:\/\/www.cumuluscity.es\/wp\/?s={search_term_string}"},"query-input":"required name=search_term_string"}],"inLanguage":"es"},{"@type":"Organization","@id":"https:\/\/www.cumuluscity.es\/wp\/#organization","name":"Cumulus City","url":"https:\/\/www.cumuluscity.es\/wp\/","logo":{"@type":"ImageObject","inLanguage":"es","@id":"https:\/\/www.cumuluscity.es\/wp\/#\/schema\/logo\/image\/","url":"http:\/\/www.cumuluscity.es\/wp\/wp-content\/uploads\/2019\/04\/cumulus_400_3.png","contentUrl":"http:\/\/www.cumuluscity.es\/wp\/wp-content\/uploads\/2019\/04\/cumulus_400_3.png","width":400,"height":400,"caption":"Cumulus City"},"image":{"@id":"https:\/\/www.cumuluscity.es\/wp\/#\/schema\/logo\/image\/"}}]}},"jetpack_sharing_enabled":true,"_links":{"self":[{"href":"http:\/\/www.cumuluscity.es\/wp\/wp-json\/wp\/v2\/pages\/3422"}],"collection":[{"href":"http:\/\/www.cumuluscity.es\/wp\/wp-json\/wp\/v2\/pages"}],"about":[{"href":"http:\/\/www.cumuluscity.es\/wp\/wp-json\/wp\/v2\/types\/page"}],"author":[{"embeddable":true,"href":"http:\/\/www.cumuluscity.es\/wp\/wp-json\/wp\/v2\/users\/6"}],"replies":[{"embeddable":true,"href":"http:\/\/www.cumuluscity.es\/wp\/wp-json\/wp\/v2\/comments?post=3422"}],"version-history":[{"count":3,"href":"http:\/\/www.cumuluscity.es\/wp\/wp-json\/wp\/v2\/pages\/3422\/revisions"}],"predecessor-version":[{"id":3425,"href":"http:\/\/www.cumuluscity.es\/wp\/wp-json\/wp\/v2\/pages\/3422\/revisions\/3425"}],"wp:attachment":[{"href":"http:\/\/www.cumuluscity.es\/wp\/wp-json\/wp\/v2\/media?parent=3422"}],"curies":[{"name":"wp","href":"https:\/\/api.w.org\/{rel}","templated":true}]}}