{"id":2774,"date":"2016-12-06T15:38:06","date_gmt":"2016-12-06T15:38:06","guid":{"rendered":"http:\/\/www.cumuluscity.es\/wp\/?page_id=2774"},"modified":"2017-08-03T09:58:34","modified_gmt":"2017-08-03T09:58:34","slug":"sensores-parking","status":"publish","type":"page","link":"https:\/\/www.cumuluscity.es\/wp\/sensores-smart-city\/sensores-parking\/","title":{"rendered":"Sensores parking"},"content":{"rendered":"<div id=\"pl-2774\"  class=\"panel-layout\" ><div id=\"pg-2774-0\"  class=\"panel-grid panel-has-style\" ><div class=\"panel-row-style panel-row-style-for-2774-0\" ><div id=\"pgc-2774-0-0\"  class=\"panel-grid-cell\" ><div id=\"panel-2774-0-0-0\" class=\"so-panel widget widget_sow-features panel-first-child panel-last-child\" data-index=\"0\" ><div\n\t\t\t\n\t\t\tclass=\"so-widget-sow-features so-widget-sow-features-default-d5e848422504-2774\"\n\t\t\t\n\t\t>\n<div class=\"sow-features-list sow-features-responsive\">\n\n\t\t\t\t\t\t\t\t\t<div\n\t\t\t\tclass=\"sow-features-feature sow-icon-container-position-top\"\n\t\t\t\tstyle=\"display: flex; flex-direction: column; width: calc(33.333% - 25px);\"\n\t\t\t>\n\t\t\t\n\t\t\t\t\t\t\t\t<div\n\t\t\t\t\tclass=\"sow-icon-container sow-container-none\"\n\t\t\t\t\tstyle=\"color: #404040; \"\n\t\t\t\t\t>\n\t\t\t\t\t<span class=\"sow-icon-fontawesome sow-fas\" data-sow-icon=\"&#xf1b9;\"\n\t\tstyle=\"font-size: 150px; color: #ce003e\" \n\t\taria-hidden=\"true\"><\/span>\t\t\t\t<\/div>\n\t\t\t\t\n\t\t\t\t<div class=\"textwidget\">\n\t\t\t\t\t\n\t\t\t\t\t\n\t\t\t\t\t\n\t\t\t\t\t\t\t\t\t<\/div>\n\t\t\t\t\t\t\t\t\n\t\t\t\t\t\t\t<\/div>\n\n\t\t\t\n<\/div>\n<\/div><\/div><\/div><div id=\"pgc-2774-0-1\"  class=\"panel-grid-cell\" ><div id=\"panel-2774-0-1-0\" class=\"so-panel widget widget_text panel-first-child panel-last-child\" data-index=\"1\" >\t\t\t<div class=\"textwidget\"><FONT SIZE=3 color=#777777>Cada vez hay un mayor n\u00famero de coches en circulaci\u00f3n y en las ciudades surgen problemas de aparcamiento en el que los conductores pierden tiempo en bucar un lugar donde estacionar. <\/font><\/div>\n\t\t<\/div><\/div><\/div><\/div><div id=\"pg-2774-1\"  class=\"panel-grid panel-no-style\" ><div id=\"pgc-2774-1-0\"  class=\"panel-grid-cell\" ><div id=\"panel-2774-1-0-0\" class=\"so-panel widget widget_sow-image panel-first-child panel-last-child\" data-index=\"2\" ><div\n\t\t\t\n\t\t\tclass=\"so-widget-sow-image so-widget-sow-image-default-c67d20f9f743-2774\"\n\t\t\t\n\t\t>\n\n<div class=\"sow-image-container\">\n\t\t<img decoding=\"async\" src=\"https:\/\/www.cumuluscity.es\/wp\/wp-content\/uploads\/2016\/12\/street-1208302_640.jpg\" width=\"640\" height=\"426\" srcset=\"https:\/\/www.cumuluscity.es\/wp\/wp-content\/uploads\/2016\/12\/street-1208302_640.jpg 640w, https:\/\/www.cumuluscity.es\/wp\/wp-content\/uploads\/2016\/12\/street-1208302_640-300x200.jpg 300w, https:\/\/www.cumuluscity.es\/wp\/wp-content\/uploads\/2016\/12\/street-1208302_640-600x399.jpg 600w, https:\/\/www.cumuluscity.es\/wp\/wp-content\/uploads\/2016\/12\/street-1208302_640-272x182.jpg 272w\" sizes=\"(max-width: 640px) 100vw, 640px\" alt=\"\" loading=\"lazy\" \t\tclass=\"so-widget-image\"\/>\n\t<\/div>\n\n<\/div><\/div><\/div><div id=\"pgc-2774-1-1\"  class=\"panel-grid-cell\" ><div id=\"panel-2774-1-1-0\" class=\"so-panel widget widget_sow-image panel-first-child panel-last-child\" data-index=\"3\" ><div\n\t\t\t\n\t\t\tclass=\"so-widget-sow-image so-widget-sow-image-default-c67d20f9f743-2774\"\n\t\t\t\n\t\t>\n\n<div class=\"sow-image-container\">\n\t\t<img decoding=\"async\" src=\"https:\/\/www.cumuluscity.es\/wp\/wp-content\/uploads\/2016\/12\/phone-1458565_640.jpg\" width=\"640\" height=\"426\" srcset=\"https:\/\/www.cumuluscity.es\/wp\/wp-content\/uploads\/2016\/12\/phone-1458565_640.jpg 640w, https:\/\/www.cumuluscity.es\/wp\/wp-content\/uploads\/2016\/12\/phone-1458565_640-300x200.jpg 300w, https:\/\/www.cumuluscity.es\/wp\/wp-content\/uploads\/2016\/12\/phone-1458565_640-600x399.jpg 600w, https:\/\/www.cumuluscity.es\/wp\/wp-content\/uploads\/2016\/12\/phone-1458565_640-272x182.jpg 272w\" sizes=\"(max-width: 640px) 100vw, 640px\" alt=\"\" loading=\"lazy\" \t\tclass=\"so-widget-image\"\/>\n\t<\/div>\n\n<\/div><\/div><\/div><div id=\"pgc-2774-1-2\"  class=\"panel-grid-cell\" ><div id=\"panel-2774-1-2-0\" class=\"so-panel widget widget_sow-image panel-first-child panel-last-child\" data-index=\"4\" ><div\n\t\t\t\n\t\t\tclass=\"so-widget-sow-image so-widget-sow-image-default-c67d20f9f743-2774\"\n\t\t\t\n\t\t>\n\n<div class=\"sow-image-container\">\n\t\t<img decoding=\"async\" src=\"https:\/\/www.cumuluscity.es\/wp\/wp-content\/uploads\/2016\/12\/warsaw-897372_640.jpg\" width=\"640\" height=\"480\" srcset=\"https:\/\/www.cumuluscity.es\/wp\/wp-content\/uploads\/2016\/12\/warsaw-897372_640.jpg 640w, https:\/\/www.cumuluscity.es\/wp\/wp-content\/uploads\/2016\/12\/warsaw-897372_640-300x225.jpg 300w, https:\/\/www.cumuluscity.es\/wp\/wp-content\/uploads\/2016\/12\/warsaw-897372_640-600x450.jpg 600w\" sizes=\"(max-width: 640px) 100vw, 640px\" alt=\"\" loading=\"lazy\" \t\tclass=\"so-widget-image\"\/>\n\t<\/div>\n\n<\/div><\/div><\/div><\/div><div id=\"pg-2774-2\"  class=\"panel-grid panel-has-style\" ><div class=\"panel-row-style panel-row-style-for-2774-2\" ><div id=\"pgc-2774-2-0\"  class=\"panel-grid-cell\" ><div id=\"panel-2774-2-0-0\" class=\"so-panel widget widget_sow-headline panel-first-child\" data-index=\"5\" ><div\n\t\t\t\n\t\t\tclass=\"so-widget-sow-headline so-widget-sow-headline-default-6a3901a3d5d6-2774\"\n\t\t\t\n\t\t><div class=\"sow-headline-container \">\n\t<h1 class='sow-headline'>POSIBLES USOS<\/h1><\/div>\n<\/div><\/div><div id=\"panel-2774-2-0-1\" class=\"so-panel widget widget_text\" data-index=\"6\" >\t\t\t<div class=\"textwidget\"><FONT SIZE=3 color=#777777>Los sensores de parking est\u00e1n situados en el asfalto y muestran las posibilidades de estacionamiento libre en la ciudad a tiempo real, ya que son capaces de detectar si cualquier tipo de veh\u00edculo est\u00e1 ocupando una plaza de aparcamiento o no. Lo que ayuda a reducir el tiempo y la contaminaci\u00f3n.<\/font><\/div>\n\t\t<\/div><div id=\"panel-2774-2-0-2\" class=\"so-panel widget widget_sow-features panel-last-child\" data-index=\"7\" ><div\n\t\t\t\n\t\t\tclass=\"so-widget-sow-features so-widget-sow-features-default-207fea05925c-2774\"\n\t\t\t\n\t\t>\n<div class=\"sow-features-list sow-features-responsive\">\n\n\t\t\t\t\t\t\t\t\t<div\n\t\t\t\tclass=\"sow-features-feature sow-icon-container-position-top\"\n\t\t\t\tstyle=\"display: flex; flex-direction: column; width: calc(33.333% - 25px);\"\n\t\t\t>\n\t\t\t\n\t\t\t\t\t\t\t\t<div\n\t\t\t\t\tclass=\"sow-icon-container sow-container-none\"\n\t\t\t\t\tstyle=\"color: ; \"\n\t\t\t\t\t>\n\t\t\t\t\t\t\t\t\t<\/div>\n\t\t\t\t\n\t\t\t\t<div class=\"textwidget\">\n\t\t\t\t\t\n\t\t\t\t\t\t\t\t\t\t\t<h5>\n\t\t\t\t\t\t\t\n\t\t\t\t\t\t\tAPP Development\t\t\t\t\t\t\t\t\t\t\t\t\t<\/h5>\n\t\t\t\t\t\n\t\t\t\t\t\n\t\t\t\t\t\t\t\t\t<\/div>\n\t\t\t\t\t\t\t\t\n\t\t\t\t\t\t\t<\/div>\n\n\t\t\t\t\t\t\t\t<div\n\t\t\t\tclass=\"sow-features-feature sow-icon-container-position-top\"\n\t\t\t\tstyle=\"display: flex; flex-direction: column; width: calc(33.333% - 25px);\"\n\t\t\t>\n\t\t\t\n\t\t\t\t\t\t\t\t<div\n\t\t\t\t\tclass=\"sow-icon-container sow-container-none\"\n\t\t\t\t\tstyle=\"color: #404040; \"\n\t\t\t\t\t>\n\t\t\t\t\t<span class=\"sow-icon-fontawesome sow-fas\" data-sow-icon=\"&#xf1cb;\"\n\t\tstyle=\"font-size: 75px; color: #ce003e\" \n\t\taria-hidden=\"true\"><\/span>\t\t\t\t<\/div>\n\t\t\t\t\n\t\t\t\t<div class=\"textwidget\">\n\t\t\t\t\t\n\t\t\t\t\t\t\t\t\t\t\t<h5>\n\t\t\t\t\t\t\t\n\t\t\t\t\t\t\tBrand Identity\t\t\t\t\t\t\t\t\t\t\t\t\t<\/h5>\n\t\t\t\t\t\n\t\t\t\t\t\n\t\t\t\t\t\t\t\t\t<\/div>\n\t\t\t\t\t\t\t\t\n\t\t\t\t\t\t\t<\/div>\n\n\t\t\t\t\t\t\t\t<div\n\t\t\t\tclass=\"sow-features-feature sow-icon-container-position-top\"\n\t\t\t\tstyle=\"display: flex; flex-direction: column; width: calc(33.333% - 25px);\"\n\t\t\t>\n\t\t\t\n\t\t\t\t\t\t\t\t<div\n\t\t\t\t\tclass=\"sow-icon-container sow-container-none\"\n\t\t\t\t\tstyle=\"color: #404040; \"\n\t\t\t\t\t>\n\t\t\t\t\t<span class=\"sow-icon-fontawesome sow-fas\" data-sow-icon=\"&#xf26c;\"\n\t\tstyle=\"font-size: 75px; color: #ce003e\" \n\t\taria-hidden=\"true\"><\/span>\t\t\t\t<\/div>\n\t\t\t\t\n\t\t\t\t<div class=\"textwidget\">\n\t\t\t\t\t\n\t\t\t\t\t\t\t\t\t\t\t<h5>\n\t\t\t\t\t\t\t\n\t\t\t\t\t\t\tUI Design\t\t\t\t\t\t\t\t\t\t\t\t\t<\/h5>\n\t\t\t\t\t\n\t\t\t\t\t\n\t\t\t\t\t\t\t\t\t<\/div>\n\t\t\t\t\t\t\t\t\n\t\t\t\t\t\t\t<\/div>\n\n\t\t\t\t\t\t\t\t<div\n\t\t\t\tclass=\"sow-features-feature sow-icon-container-position-top\"\n\t\t\t\tstyle=\"display: flex; flex-direction: column; width: calc(33.333% - 25px);\"\n\t\t\t>\n\t\t\t\n\t\t\t\t\t\t\t\t<div\n\t\t\t\t\tclass=\"sow-icon-container sow-container-none\"\n\t\t\t\t\tstyle=\"color: #404040; \"\n\t\t\t\t\t>\n\t\t\t\t\t<span class=\"sow-icon-fontawesome sow-far\" data-sow-icon=\"&#xf086;\"\n\t\tstyle=\"font-size: 75px; color: #ce003e\" \n\t\taria-hidden=\"true\"><\/span>\t\t\t\t<\/div>\n\t\t\t\t\n\t\t\t\t<div class=\"textwidget\">\n\t\t\t\t\t\n\t\t\t\t\t\t\t\t\t\t\t<h5>\n\t\t\t\t\t\t\t\n\t\t\t\t\t\t\tConsultancy\t\t\t\t\t\t\t\t\t\t\t\t\t<\/h5>\n\t\t\t\t\t\n\t\t\t\t\t\n\t\t\t\t\t\t\t\t\t<\/div>\n\t\t\t\t\t\t\t\t\n\t\t\t\t\t\t\t<\/div>\n\n\t\t\t\t\t\t\t\t<div\n\t\t\t\tclass=\"sow-features-feature sow-icon-container-position-top\"\n\t\t\t\tstyle=\"display: flex; flex-direction: column; width: calc(33.333% - 25px);\"\n\t\t\t>\n\t\t\t\n\t\t\t\t\t\t\t\t<div\n\t\t\t\t\tclass=\"sow-icon-container sow-container-none\"\n\t\t\t\t\tstyle=\"color: #404040; \"\n\t\t\t\t\t>\n\t\t\t\t\t<span class=\"sow-icon-fontawesome sow-fas\" data-sow-icon=\"&#xf1eb;\"\n\t\tstyle=\"font-size: 75px; color: #ce003e\" \n\t\taria-hidden=\"true\"><\/span>\t\t\t\t<\/div>\n\t\t\t\t\n\t\t\t\t<div class=\"textwidget\">\n\t\t\t\t\t\n\t\t\t\t\t\t\t\t\t\t\t<h5>\n\t\t\t\t\t\t\t\n\t\t\t\t\t\t\tSystem Integration\t\t\t\t\t\t\t\t\t\t\t\t\t<\/h5>\n\t\t\t\t\t\n\t\t\t\t\t\n\t\t\t\t\t\t\t\t\t<\/div>\n\t\t\t\t\t\t\t\t\n\t\t\t\t\t\t\t<\/div>\n\n\t\t\t\t\t\t\t\t<div\n\t\t\t\tclass=\"sow-features-feature sow-icon-container-position-top\"\n\t\t\t\tstyle=\"display: flex; flex-direction: column; width: calc(33.333% - 25px);\"\n\t\t\t>\n\t\t\t\n\t\t\t\t\t\t\t\t<div\n\t\t\t\t\tclass=\"sow-icon-container sow-container-none\"\n\t\t\t\t\tstyle=\"color: #404040; \"\n\t\t\t\t\t>\n\t\t\t\t\t<span class=\"sow-icon-fontawesome sow-far\" data-sow-icon=\"&#xf004;\"\n\t\tstyle=\"font-size: 75px; color: #ce003e\" \n\t\taria-hidden=\"true\"><\/span>\t\t\t\t<\/div>\n\t\t\t\t\n\t\t\t\t<div class=\"textwidget\">\n\t\t\t\t\t\n\t\t\t\t\t\t\t\t\t\t\t<h5>\n\t\t\t\t\t\t\t\n\t\t\t\t\t\t\tSupport\t\t\t\t\t\t\t\t\t\t\t\t\t<\/h5>\n\t\t\t\t\t\n\t\t\t\t\t\n\t\t\t\t\t\t\t\t\t<\/div>\n\t\t\t\t\t\t\t\t\n\t\t\t\t\t\t\t<\/div>\n\n\t\t\t\n<\/div>\n<\/div><\/div><\/div><\/div><\/div><div id=\"pg-2774-3\"  class=\"panel-grid panel-no-style\" ><div id=\"pgc-2774-3-0\"  class=\"panel-grid-cell\" ><div id=\"panel-2774-3-0-0\" class=\"so-panel widget widget_sow-headline panel-first-child\" data-index=\"8\" ><div\n\t\t\t\n\t\t\tclass=\"so-widget-sow-headline so-widget-sow-headline-default-6a3901a3d5d6-2774\"\n\t\t\t\n\t\t><div class=\"sow-headline-container \">\n\t<h1 class='sow-headline'>BENEFICIOS<\/h1><\/div>\n<\/div><\/div><div id=\"panel-2774-3-0-1\" class=\"so-panel widget widget_text panel-last-child\" data-index=\"9\" >\t\t\t<div class=\"textwidget\"><FONT SIZE=3 color=#777777><ul>\n<li>Ahorro de tiempo y reducci\u00f3n contaminaci\u00f3n\n<li>Alta fiabilidad\n<li>Resistencia a altas y bajas temperaturas\n<\/ul> <\/font><\/div>\n\t\t<\/div><\/div><div id=\"pgc-2774-3-1\"  class=\"panel-grid-cell\" ><div id=\"panel-2774-3-1-0\" class=\"so-panel widget widget_sow-headline panel-first-child\" data-index=\"10\" ><div\n\t\t\t\n\t\t\tclass=\"so-widget-sow-headline so-widget-sow-headline-default-6a3901a3d5d6-2774\"\n\t\t\t\n\t\t><div class=\"sow-headline-container \">\n\t<h1 class='sow-headline'>CARACTER\u00cdSTICAS T\u00c9CNICAS<\/h1><\/div>\n<\/div><\/div><div id=\"panel-2774-3-1-1\" class=\"so-panel widget widget_text panel-last-child\" data-index=\"11\" >\t\t\t<div class=\"textwidget\"><FONT SIZE=3 color=#777777><ul>\n<li>Dimensiones 230 mm de di\u00e1metro y 28 mil\u00edmetros de altura\n<li>Bater\u00eda de litio\n<li>Alta precisi\u00f3n\n<\/ul> <\/font><\/div>\n\t\t<\/div><\/div><\/div><\/div>","protected":false},"excerpt":{"rendered":"<p>Cada vez hay un mayor n\u00famero de coches en circulaci\u00f3n y en las ciudades surgen problemas de aparcamiento en el que los conductores pierden tiempo en bucar un lugar donde estacionar.<\/p>\n","protected":false},"author":4,"featured_media":0,"parent":2768,"menu_order":0,"comment_status":"closed","ping_status":"closed","template":"","meta":{"_et_pb_use_builder":"","_et_pb_old_content":"","_et_gb_content_width":"","footnotes":""},"yoast_head":"<!-- This site is optimized with the Yoast SEO plugin v22.0 - https:\/\/yoast.com\/wordpress\/plugins\/seo\/ -->\n<title>Sensores parking - Cumulus City<\/title>\n<meta name=\"robots\" content=\"noindex, follow\" \/>\n<meta property=\"og:locale\" content=\"es_ES\" \/>\n<meta property=\"og:type\" content=\"article\" \/>\n<meta property=\"og:title\" content=\"Sensores parking - Cumulus City\" \/>\n<meta property=\"og:description\" content=\"Cada vez hay un mayor n\u00famero de coches en circulaci\u00f3n y en las ciudades surgen problemas de aparcamiento en el que los conductores pierden tiempo en bucar un lugar donde estacionar.\" \/>\n<meta property=\"og:url\" content=\"https:\/\/www.cumuluscity.es\/wp\/sensores-smart-city\/sensores-parking\/\" \/>\n<meta property=\"og:site_name\" content=\"Cumulus City\" \/>\n<meta property=\"article:modified_time\" content=\"2017-08-03T09:58:34+00:00\" \/>\n<meta property=\"og:image\" content=\"http:\/\/www.cumuluscity.es\/wp\/wp-content\/uploads\/2016\/12\/street-1208302_640-560x250.jpg\" \/>\n<meta name=\"twitter:card\" content=\"summary_large_image\" \/>\n<meta name=\"twitter:label1\" content=\"Tiempo de lectura\" \/>\n\t<meta name=\"twitter:data1\" content=\"1 minuto\" \/>\n<script type=\"application\/ld+json\" class=\"yoast-schema-graph\">{\"@context\":\"https:\/\/schema.org\",\"@graph\":[{\"@type\":\"WebPage\",\"@id\":\"https:\/\/www.cumuluscity.es\/wp\/sensores-smart-city\/sensores-parking\/\",\"url\":\"https:\/\/www.cumuluscity.es\/wp\/sensores-smart-city\/sensores-parking\/\",\"name\":\"Sensores parking - Cumulus City\",\"isPartOf\":{\"@id\":\"http:\/\/www.cumuluscity.es\/wp\/#website\"},\"datePublished\":\"2016-12-06T15:38:06+00:00\",\"dateModified\":\"2017-08-03T09:58:34+00:00\",\"breadcrumb\":{\"@id\":\"https:\/\/www.cumuluscity.es\/wp\/sensores-smart-city\/sensores-parking\/#breadcrumb\"},\"inLanguage\":\"es\",\"potentialAction\":[{\"@type\":\"ReadAction\",\"target\":[\"https:\/\/www.cumuluscity.es\/wp\/sensores-smart-city\/sensores-parking\/\"]}]},{\"@type\":\"BreadcrumbList\",\"@id\":\"https:\/\/www.cumuluscity.es\/wp\/sensores-smart-city\/sensores-parking\/#breadcrumb\",\"itemListElement\":[{\"@type\":\"ListItem\",\"position\":1,\"name\":\"Portada\",\"item\":\"http:\/\/www.cumuluscity.es\/wp\/\"},{\"@type\":\"ListItem\",\"position\":2,\"name\":\"Sensores Smart City\",\"item\":\"https:\/\/www.cumuluscity.es\/wp\/sensores-smart-city\/\"},{\"@type\":\"ListItem\",\"position\":3,\"name\":\"Sensores parking\"}]},{\"@type\":\"WebSite\",\"@id\":\"http:\/\/www.cumuluscity.es\/wp\/#website\",\"url\":\"http:\/\/www.cumuluscity.es\/wp\/\",\"name\":\"Cumulus City\",\"description\":\"Cumulus City - Soluciones tecnologicas para Smart City, industria y agricultura - Soluciones para la Accesibilidad y las Telecomunicaciones.\",\"publisher\":{\"@id\":\"http:\/\/www.cumuluscity.es\/wp\/#organization\"},\"potentialAction\":[{\"@type\":\"SearchAction\",\"target\":{\"@type\":\"EntryPoint\",\"urlTemplate\":\"http:\/\/www.cumuluscity.es\/wp\/?s={search_term_string}\"},\"query-input\":\"required name=search_term_string\"}],\"inLanguage\":\"es\"},{\"@type\":\"Organization\",\"@id\":\"http:\/\/www.cumuluscity.es\/wp\/#organization\",\"name\":\"Cumulus City\",\"url\":\"http:\/\/www.cumuluscity.es\/wp\/\",\"logo\":{\"@type\":\"ImageObject\",\"inLanguage\":\"es\",\"@id\":\"http:\/\/www.cumuluscity.es\/wp\/#\/schema\/logo\/image\/\",\"url\":\"http:\/\/www.cumuluscity.es\/wp\/wp-content\/uploads\/2019\/04\/cumulus_400_3.png\",\"contentUrl\":\"http:\/\/www.cumuluscity.es\/wp\/wp-content\/uploads\/2019\/04\/cumulus_400_3.png\",\"width\":400,\"height\":400,\"caption\":\"Cumulus City\"},\"image\":{\"@id\":\"http:\/\/www.cumuluscity.es\/wp\/#\/schema\/logo\/image\/\"}}]}<\/script>\n<!-- \/ Yoast SEO plugin. -->","yoast_head_json":{"title":"Sensores parking - Cumulus City","robots":{"index":"noindex","follow":"follow"},"og_locale":"es_ES","og_type":"article","og_title":"Sensores parking - Cumulus City","og_description":"Cada vez hay un mayor n\u00famero de coches en circulaci\u00f3n y en las ciudades surgen problemas de aparcamiento en el que los conductores pierden tiempo en bucar un lugar donde estacionar.","og_url":"https:\/\/www.cumuluscity.es\/wp\/sensores-smart-city\/sensores-parking\/","og_site_name":"Cumulus City","article_modified_time":"2017-08-03T09:58:34+00:00","og_image":[{"url":"http:\/\/www.cumuluscity.es\/wp\/wp-content\/uploads\/2016\/12\/street-1208302_640-560x250.jpg"}],"twitter_card":"summary_large_image","twitter_misc":{"Tiempo de lectura":"1 minuto"},"schema":{"@context":"https:\/\/schema.org","@graph":[{"@type":"WebPage","@id":"https:\/\/www.cumuluscity.es\/wp\/sensores-smart-city\/sensores-parking\/","url":"https:\/\/www.cumuluscity.es\/wp\/sensores-smart-city\/sensores-parking\/","name":"Sensores parking - Cumulus City","isPartOf":{"@id":"http:\/\/www.cumuluscity.es\/wp\/#website"},"datePublished":"2016-12-06T15:38:06+00:00","dateModified":"2017-08-03T09:58:34+00:00","breadcrumb":{"@id":"https:\/\/www.cumuluscity.es\/wp\/sensores-smart-city\/sensores-parking\/#breadcrumb"},"inLanguage":"es","potentialAction":[{"@type":"ReadAction","target":["https:\/\/www.cumuluscity.es\/wp\/sensores-smart-city\/sensores-parking\/"]}]},{"@type":"BreadcrumbList","@id":"https:\/\/www.cumuluscity.es\/wp\/sensores-smart-city\/sensores-parking\/#breadcrumb","itemListElement":[{"@type":"ListItem","position":1,"name":"Portada","item":"http:\/\/www.cumuluscity.es\/wp\/"},{"@type":"ListItem","position":2,"name":"Sensores Smart City","item":"https:\/\/www.cumuluscity.es\/wp\/sensores-smart-city\/"},{"@type":"ListItem","position":3,"name":"Sensores parking"}]},{"@type":"WebSite","@id":"http:\/\/www.cumuluscity.es\/wp\/#website","url":"http:\/\/www.cumuluscity.es\/wp\/","name":"Cumulus City","description":"Cumulus City - Soluciones tecnologicas para Smart City, industria y agricultura - Soluciones para la Accesibilidad y las Telecomunicaciones.","publisher":{"@id":"http:\/\/www.cumuluscity.es\/wp\/#organization"},"potentialAction":[{"@type":"SearchAction","target":{"@type":"EntryPoint","urlTemplate":"http:\/\/www.cumuluscity.es\/wp\/?s={search_term_string}"},"query-input":"required name=search_term_string"}],"inLanguage":"es"},{"@type":"Organization","@id":"http:\/\/www.cumuluscity.es\/wp\/#organization","name":"Cumulus City","url":"http:\/\/www.cumuluscity.es\/wp\/","logo":{"@type":"ImageObject","inLanguage":"es","@id":"http:\/\/www.cumuluscity.es\/wp\/#\/schema\/logo\/image\/","url":"http:\/\/www.cumuluscity.es\/wp\/wp-content\/uploads\/2019\/04\/cumulus_400_3.png","contentUrl":"http:\/\/www.cumuluscity.es\/wp\/wp-content\/uploads\/2019\/04\/cumulus_400_3.png","width":400,"height":400,"caption":"Cumulus City"},"image":{"@id":"http:\/\/www.cumuluscity.es\/wp\/#\/schema\/logo\/image\/"}}]}},"jetpack_sharing_enabled":true,"_links":{"self":[{"href":"https:\/\/www.cumuluscity.es\/wp\/wp-json\/wp\/v2\/pages\/2774"}],"collection":[{"href":"https:\/\/www.cumuluscity.es\/wp\/wp-json\/wp\/v2\/pages"}],"about":[{"href":"https:\/\/www.cumuluscity.es\/wp\/wp-json\/wp\/v2\/types\/page"}],"author":[{"embeddable":true,"href":"https:\/\/www.cumuluscity.es\/wp\/wp-json\/wp\/v2\/users\/4"}],"replies":[{"embeddable":true,"href":"https:\/\/www.cumuluscity.es\/wp\/wp-json\/wp\/v2\/comments?post=2774"}],"version-history":[{"count":7,"href":"https:\/\/www.cumuluscity.es\/wp\/wp-json\/wp\/v2\/pages\/2774\/revisions"}],"predecessor-version":[{"id":3218,"href":"https:\/\/www.cumuluscity.es\/wp\/wp-json\/wp\/v2\/pages\/2774\/revisions\/3218"}],"up":[{"embeddable":true,"href":"https:\/\/www.cumuluscity.es\/wp\/wp-json\/wp\/v2\/pages\/2768"}],"wp:attachment":[{"href":"https:\/\/www.cumuluscity.es\/wp\/wp-json\/wp\/v2\/media?parent=2774"}],"curies":[{"name":"wp","href":"https:\/\/api.w.org\/{rel}","templated":true}]}}